{"id":10,"date":"2020-12-04T13:28:14","date_gmt":"2020-12-04T12:28:14","guid":{"rendered":"https:\/\/kluger.prokutec.de\/?page_id=10"},"modified":"2021-08-06T08:36:03","modified_gmt":"2021-08-06T06:36:03","slug":"sondermaschinen","status":"publish","type":"page","link":"https:\/\/kluger.prokutec.de\/?page_id=10","title":{"rendered":"Sondermaschinen"},"content":{"rendered":"<div class=\"wpb-content-wrapper\"><p>[vc_row][vc_column][vc_custom_heading text=&#8220;Maschinenbau&#8220; font_container=&#8220;tag:h2|text_align:left|color:%23ffffff|line_height:52px&#8220; use_theme_fonts=&#8220;yes&#8220; css_animation=&#8220;fadeInLeft&#8220; css=&#8220;.vc_custom_1628231738343{margin-top: 0px !important;margin-bottom: 5px !important;padding-top: 0px !important;padding-right: 10px !important;padding-bottom: 0px !important;padding-left: 15px !important;background-image: url(https:\/\/kluger.prokutec.de\/wp-content\/uploads\/2021\/01\/H2-Fond.png?id=129) !important;background-position: center !important;background-repeat: no-repeat !important;background-size: contain !important;}&#8220;][vc_row_inner][vc_column_inner width=&#8220;1\/2&#8243;][vc_single_image image=&#8220;920&#8243; img_size=&#8220;large&#8220;][\/vc_column_inner][vc_column_inner width=&#8220;1\/2&#8243; css=&#8220;.vc_custom_1623220954244{margin-top: 0px !important;}&#8220;][vc_column_text css=&#8220;.vc_custom_1623918339789{margin-top: 5px !important;margin-right: 100px !important;}&#8220;]<span style=\"color: #000000;\">Die Kernkompetenz der Firma Kluger-Prokutec ist der Sondermaschinenbau. Aus ihm ergeben sich alle Einzelgewerke.<\/span><\/p>\n<p><span style=\"color: #000000;\">Hier stehen wir den unterschiedlichsten Bereichen und deren individuellen Anforderungen zur Verf\u00fcgung:<\/span>[\/vc_column_text]<div class=\"standard-arrow bullet-top\"><ul>\n<li style=\"colour: blue;\"><span style=\"color: #000000;\">Anlagenbau<\/span><\/li>\n<li><span style=\"color: #000000;\">Fertigungsanlagen<\/span><\/li>\n<li><span style=\"color: #000000;\">Produktionsanlagen<\/span><\/li>\n<\/ul>\n<\/div><style type=\"text\/css\" data-type=\"the7_shortcodes-inline-css\">#default-btn-b7370142f570fc68b6501a7da3f52090.ico-right-side > i {\n  margin-right: 0px;\n  margin-left: 8px;\n}\n#default-btn-b7370142f570fc68b6501a7da3f52090 > i {\n  margin-right: 8px;\n}<\/style><a href=\"https:\/\/kluger.prokutec.de\/?page_id=279\" class=\"default-btn-shortcode dt-btn dt-btn-m link-hover-off link-button btn-inline-left \" id=\"default-btn-b7370142f570fc68b6501a7da3f52090\" title=\"Unternehmen\"><i class=\"icomoon-the7-font-the7-link-02\"><\/i><span>MEHR ERFAHREN<\/span><\/a>[\/vc_column_inner][\/vc_row_inner][\/vc_column][\/vc_row][vc_row][vc_column][vc_row_inner][vc_column_inner css=&#8220;.vc_custom_1609600661911{padding-right: 40px !important;}&#8220;][vc_empty_space height=&#8220;15px&#8220;][vc_custom_heading text=&#8220;Prototypen&#8220; font_container=&#8220;tag:h2|text_align:left|color:%23ffffff|line_height:52px&#8220; use_theme_fonts=&#8220;yes&#8220; css_animation=&#8220;fadeInLeft&#8220; css=&#8220;.vc_custom_1618903652313{margin-top: 0px !important;margin-bottom: 2px !important;padding-top: 0px !important;padding-right: 10px !important;padding-bottom: 0px !important;padding-left: 15px !important;background-image: url(https:\/\/kluger.prokutec.de\/wp-content\/uploads\/2021\/01\/H2-Fond.png?id=129) !important;background-position: center !important;background-repeat: no-repeat !important;background-size: contain !important;}&#8220;][vc_empty_space height=&#8220;15px&#8220;][\/vc_column_inner][\/vc_row_inner][vc_row_inner][vc_column_inner width=&#8220;1\/2&#8243;][vc_column_text css=&#8220;.vc_custom_1623918357957{margin-top: 0px !important;padding-right: 30px !important;}&#8220;]<span style=\"color: #000000;\">Im Kundenauftrag \u00fcbernehmen wir auch die Entwicklung von Produkten.<\/span><\/p>\n<p><span style=\"color: #000000;\">Im st\u00e4ndigem Austausch mit dem Auftraggeber entsteht so eine f\u00fcr die Serienproduktion geeignete Konstruktion. Diese ist Eigentum des Auftraggebers und kann zur Produktion ausgeschrieben werden.<\/span>[\/vc_column_text]<style type=\"text\/css\" data-type=\"the7_shortcodes-inline-css\">#default-btn-0a6fd0b9b74e95c31cba4a2cfc6b5838.ico-right-side > i {\n  margin-right: 0px;\n  margin-left: 8px;\n}\n#default-btn-0a6fd0b9b74e95c31cba4a2cfc6b5838 > i {\n  margin-right: 8px;\n}<\/style><a href=\"https:\/\/kluger.prokutec.de\/?page_id=281\" class=\"default-btn-shortcode dt-btn dt-btn-m link-hover-off link-button btn-inline-left \" id=\"default-btn-0a6fd0b9b74e95c31cba4a2cfc6b5838\" title=\"Unternehmen\"><i class=\"icomoon-the7-font-the7-link-02\"><\/i><span>MEHR ERFAHREN<\/span><\/a>[\/vc_column_inner][vc_column_inner width=&#8220;1\/2&#8243; css=&#8220;.vc_custom_1609600865980{margin-top: 5px !important;padding-right: 40px !important;}&#8220;][vc_single_image image=&#8220;72&#8243; img_size=&#8220;large&#8220;][\/vc_column_inner][\/vc_row_inner][\/vc_column][\/vc_row][vc_row][vc_column][vc_custom_heading text=&#8220;Vorrichtungsbau&#8220; font_container=&#8220;tag:h2|text_align:left|color:%23ffffff|line_height:52px&#8220; use_theme_fonts=&#8220;yes&#8220; css_animation=&#8220;fadeInLeft&#8220; css=&#8220;.vc_custom_1628231758263{margin-top: 0px !important;margin-bottom: 5px !important;padding-top: 0px !important;padding-right: 10px !important;padding-bottom: 0px !important;padding-left: 15px !important;background-image: url(https:\/\/kluger.prokutec.de\/wp-content\/uploads\/2021\/01\/H2-Fond.png?id=129) !important;background-position: center !important;background-repeat: no-repeat !important;background-size: contain !important;}&#8220;][vc_row_inner][vc_column_inner width=&#8220;1\/2&#8243;][vc_single_image image=&#8220;477&#8243; img_size=&#8220;large&#8220;][\/vc_column_inner][vc_column_inner width=&#8220;1\/2&#8243; css=&#8220;.vc_custom_1623220954244{margin-top: 0px !important;}&#8220;][vc_column_text css=&#8220;.vc_custom_1623918384308{margin-top: 5px !important;margin-right: 100px !important;}&#8220;]<span style=\"color: #000000;\">F\u00fcr alle Prozesse der Industriellen Fertigung werden Vorrichtungen ben\u00f6tigt. Nur so k\u00f6nnen Pr\u00e4zision und Geschwindigkeit harmonieren. Unsere Vorrichtungen sind geeignet f\u00fcr:<\/span>[\/vc_column_text]<div class=\"standard-arrow bullet-top\"><ul>\n<li style=\"colour: blue;\"><span style=\"color: #000000;\">CNC Fertigung<\/span><\/li>\n<li><span style=\"color: #000000;\">Qualit\u00e4tspr\u00fcfung<\/span><\/li>\n<li><span style=\"color: #000000;\">Klima und Umweltkammern<\/span><\/li>\n<li><span style=\"color: #000000;\">Automatisiertes Schwei\u00dfen<\/span><\/li>\n<\/ul>\n<\/div><style type=\"text\/css\" data-type=\"the7_shortcodes-inline-css\">#default-btn-55e5a5ba1b9c2810570603be00ed036c.ico-right-side > i {\n  margin-right: 0px;\n  margin-left: 8px;\n}\n#default-btn-55e5a5ba1b9c2810570603be00ed036c > i {\n  margin-right: 8px;\n}<\/style><a href=\"https:\/\/kluger.prokutec.de\/?page_id=283\" class=\"default-btn-shortcode dt-btn dt-btn-m link-hover-off link-button btn-inline-left \" id=\"default-btn-55e5a5ba1b9c2810570603be00ed036c\" title=\"Unternehmen\"><i class=\"icomoon-the7-font-the7-link-02\"><\/i><span>MEHR ERFAHREN<\/span><\/a>[\/vc_column_inner][\/vc_row_inner][\/vc_column][\/vc_row][vc_row][vc_column][vc_row_inner][vc_column_inner css=&#8220;.vc_custom_1609600661911{padding-right: 40px !important;}&#8220;][vc_empty_space height=&#8220;15px&#8220;][vc_custom_heading text=&#8220;Robotik&#8220; font_container=&#8220;tag:h2|text_align:left|color:%23ffffff|line_height:52px&#8220; use_theme_fonts=&#8220;yes&#8220; css_animation=&#8220;fadeInLeft&#8220; css=&#8220;.vc_custom_1618904195510{margin-top: 0px !important;margin-bottom: 2px !important;padding-top: 0px !important;padding-right: 10px !important;padding-bottom: 0px !important;padding-left: 15px !important;background-image: url(https:\/\/kluger.prokutec.de\/wp-content\/uploads\/2021\/01\/H2-Fond.png?id=129) !important;background-position: center !important;background-repeat: no-repeat !important;background-size: contain !important;}&#8220;][\/vc_column_inner][\/vc_row_inner][vc_row_inner][vc_column_inner width=&#8220;1\/2&#8243; css=&#8220;.vc_custom_1620393294718{margin-top: 5px !important;}&#8220;][vc_column_text css=&#8220;.vc_custom_1624015222501{margin-top: 10px !important;padding-right: 30px !important;}&#8220;]<span style=\"color: #000000;\">Als Sondermaschinenbauer ist eine unserer Kernkompetenzen der Bereich Robotik. Hier setzen wir unterschiedlichste Bauarten \/ Systemkomponenten je nach Produktanforderung ein. Wichtig sind hier Taktzeiten, Teilespektrum, Datenspeicherung und Auswertung.<\/span>[\/vc_column_text]<style type=\"text\/css\" data-type=\"the7_shortcodes-inline-css\">#default-btn-f67d57cda601d0680613ddeed4baeb76.ico-right-side > i {\n  margin-right: 0px;\n  margin-left: 8px;\n}\n#default-btn-f67d57cda601d0680613ddeed4baeb76 > i {\n  margin-right: 8px;\n}<\/style><a href=\"https:\/\/kluger.prokutec.de\/?page_id=285\" class=\"default-btn-shortcode dt-btn dt-btn-m link-hover-off link-button btn-inline-left \" id=\"default-btn-f67d57cda601d0680613ddeed4baeb76\" title=\"Unternehmen\"><i class=\"icomoon-the7-font-the7-link-02\"><\/i><span>MEHR ERFAHREN<\/span><\/a>[\/vc_column_inner][vc_column_inner width=&#8220;1\/2&#8243; css=&#8220;.vc_custom_1609600865980{margin-top: 5px !important;padding-right: 40px !important;}&#8220;][vc_single_image image=&#8220;97&#8243; img_size=&#8220;large&#8220; css=&#8220;.vc_custom_1623223113003{margin-top: -3px !important;}&#8220;][\/vc_column_inner][\/vc_row_inner][\/vc_column][\/vc_row][vc_row][vc_column][vc_custom_heading text=&#8220;Retrofit&#8220; font_container=&#8220;tag:h2|text_align:left|color:%23ffffff|line_height:52px&#8220; use_theme_fonts=&#8220;yes&#8220; css_animation=&#8220;fadeInLeft&#8220; css=&#8220;.vc_custom_1621587035826{margin-top: 0px !important;margin-bottom: 5px !important;padding-top: 0px !important;padding-right: 10px !important;padding-bottom: 0px !important;padding-left: 15px !important;background-image: url(https:\/\/kluger.prokutec.de\/wp-content\/uploads\/2021\/01\/H2-Fond.png?id=129) !important;background-position: center !important;background-repeat: no-repeat !important;background-size: contain !important;}&#8220;][vc_row_inner][vc_column_inner width=&#8220;1\/2&#8243;][vc_single_image image=&#8220;1935&#8243; img_size=&#8220;large&#8220; css=&#8220;.vc_custom_1621587578037{margin-top: 20px !important;}&#8220;][\/vc_column_inner][vc_column_inner width=&#8220;1\/2&#8243;][vc_column_text css=&#8220;.vc_custom_1623918402948{margin-top: 20px !important;margin-right: 100px !important;}&#8220;]<span style=\"color: #000000;\">Sie m\u00f6chten einen Retrofit oder eine Modernisierung Ihrer vorhandenen Anlage durchf\u00fchren? Wir unterst\u00fctzen Sie in der technischen Umsetzung, sei es im Bereich der Automatisierung oder den mechanischen Umbauten inkl. Konzipierung, Konstruktion, sowie bei den erforderlichen \u00dcberpr\u00fcfungen im Bereich der CE-Konformit\u00e4t (wesentliche Ver\u00e4nderung, Gesamtheit von Maschinen, etc.) und der Erstellung der n\u00f6tigen technischen Dokumentation.<\/span>[\/vc_column_text]<style type=\"text\/css\" data-type=\"the7_shortcodes-inline-css\">#default-btn-b3b834cd903d2c3d17dc8a6c35a3e84d.ico-right-side > i {\n  margin-right: 0px;\n  margin-left: 8px;\n}\n#default-btn-b3b834cd903d2c3d17dc8a6c35a3e84d > i {\n  margin-right: 8px;\n}<\/style><a href=\"https:\/\/kluger.prokutec.de\/?page_id=287\" class=\"default-btn-shortcode dt-btn dt-btn-m link-hover-off link-button btn-inline-left \" id=\"default-btn-b3b834cd903d2c3d17dc8a6c35a3e84d\" title=\"Unternehmen\"><i class=\"icomoon-the7-font-the7-link-02\"><\/i><span>MEHR ERFAHREN<\/span><\/a>[\/vc_column_inner][\/vc_row_inner][\/vc_column][\/vc_row]<\/p>\n<\/div>","protected":false},"excerpt":{"rendered":"<p>[vc_row][vc_column][vc_custom_heading text=&#8220;Maschinenbau&#8220; font_container=&#8220;tag:h2|text_align:left|color:%23ffffff|line_height:52px&#8220; use_theme_fonts=&#8220;yes&#8220; css_animation=&#8220;fadeInLeft&#8220; css=&#8220;.vc_custom_1628231738343{margin-top: 0px !important;margin-bottom: 5px !important;padding-top: 0px !important;padding-right: 10px !important;padding-bottom: 0px !important;padding-left: 15px !important;background-image: url(https:\/\/kluger.prokutec.de\/wp-content\/uploads\/2021\/01\/H2-Fond.png?id=129) !important;background-position: center !important;background-repeat: no-repeat !important;background-size: contain !important;}&#8220;][vc_row_inner][vc_column_inner width=&#8220;1\/2&#8243;][vc_single_image image=&#8220;920&#8243; img_size=&#8220;large&#8220;][\/vc_column_inner][vc_column_inner width=&#8220;1\/2&#8243; css=&#8220;.vc_custom_1623220954244{margin-top: 0px !important;}&#8220;][vc_column_text css=&#8220;.vc_custom_1623918339789{margin-top: 5px !important;margin-right: 100px !important;}&#8220;]Die Kernkompetenz der Firma Kluger-Prokutec ist der Sondermaschinenbau. Aus ihm ergeben sich alle Einzelgewerke. Hier stehen wir den&hellip;<\/p>\n","protected":false},"author":1,"featured_media":0,"parent":0,"menu_order":0,"comment_status":"closed","ping_status":"closed","template":"","meta":{"footnotes":""},"class_list":["post-10","page","type-page","status-publish","hentry","description-off"],"_links":{"self":[{"href":"https:\/\/kluger.prokutec.de\/index.php?rest_route=\/wp\/v2\/pages\/10","targetHints":{"allow":["GET"]}}],"collection":[{"href":"https:\/\/kluger.prokutec.de\/index.php?rest_route=\/wp\/v2\/pages"}],"about":[{"href":"https:\/\/kluger.prokutec.de\/index.php?rest_route=\/wp\/v2\/types\/page"}],"author":[{"embeddable":true,"href":"https:\/\/kluger.prokutec.de\/index.php?rest_route=\/wp\/v2\/users\/1"}],"replies":[{"embeddable":true,"href":"https:\/\/kluger.prokutec.de\/index.php?rest_route=%2Fwp%2Fv2%2Fcomments&post=10"}],"version-history":[{"count":94,"href":"https:\/\/kluger.prokutec.de\/index.php?rest_route=\/wp\/v2\/pages\/10\/revisions"}],"predecessor-version":[{"id":3238,"href":"https:\/\/kluger.prokutec.de\/index.php?rest_route=\/wp\/v2\/pages\/10\/revisions\/3238"}],"wp:attachment":[{"href":"https:\/\/kluger.prokutec.de\/index.php?rest_route=%2Fwp%2Fv2%2Fmedia&parent=10"}],"curies":[{"name":"wp","href":"https:\/\/api.w.org\/{rel}","templated":true}]}}