{"id":14,"date":"2020-12-04T13:34:47","date_gmt":"2020-12-04T12:34:47","guid":{"rendered":"https:\/\/kluger.prokutec.de\/?page_id=14"},"modified":"2025-11-03T14:34:19","modified_gmt":"2025-11-03T13:34:19","slug":"lohnfertigung","status":"publish","type":"page","link":"https:\/\/kluger.prokutec.de\/?page_id=14","title":{"rendered":"Lohnfertigung"},"content":{"rendered":"<div class=\"wpb-content-wrapper\"><p>[vc_row][vc_column][vc_custom_heading text=&#8220;Lohnfertigung&#8220; font_container=&#8220;tag:h2|text_align:left|color:%23ffffff|line_height:52px&#8220; use_theme_fonts=&#8220;yes&#8220; css_animation=&#8220;fadeInLeft&#8220; css=&#8220;.vc_custom_1623740672374{margin-top: -15px !important;margin-bottom: 2px !important;padding-top: 0px !important;padding-right: 10px !important;padding-bottom: 0px !important;padding-left: 15px !important;background-image: url(https:\/\/kluger.prokutec.de\/wp-content\/uploads\/2021\/01\/H2-Fond.png?id=129) !important;background-position: center !important;background-repeat: no-repeat !important;background-size: contain !important;}&#8220;][\/vc_column][\/vc_row][vc_row][vc_column][vc_single_image image=&#8220;2681&#8243; img_size=&#8220;1200&#215;250&#8243; add_caption=&#8220;yes&#8220; alignment=&#8220;right&#8220; css=&#8220;.vc_custom_1623741239570{margin-bottom: 10px !important;}&#8220;][\/vc_column][\/vc_row][vc_row margin_top=&#8220;0px&#8220;][vc_column][vc_column_text css=&#8220;.vc_custom_1628253997632{margin-bottom: 8px !important;}&#8220;]<\/p>\r\n<p><span style=\"color: black;\">Einzelteile, Kleinserien oder komplette Baugruppen, nach Ihren Zeichnungen oder Ihren Vorgaben und von uns konstruiert, ob Drehen, Fr\u00e4sen, Biegen, Schwei\u00dfen (Stahl, Edelstahl, Alu), durch unsere Bearbeitungszentren, Maschinen und qualifizierten Mitarbeiter k\u00f6nnen wir preiswert und schnell ihre Vorstellungen in die Tat umsetzen.<\/span><\/p>\r\n<p>&nbsp;<\/p>\r\n<p><span style=\"color: black;\"> Bearbeitungsma\u00dfe und Maschinenpark<\/span><\/p>\r\n<ul>\r\n<li><span style=\"color: black;\">CNC-Fr\u00e4smaschinen (bis zu 5 Achsen,\u00a0 X \u2013 5000mm | Y \u2013 1000mm | Z \u2013 800mm) <\/span><\/li>\r\n<li><span style=\"color: black;\"> CNC-Drehmaschinen (Drehdurchmesser &#8211; 400mm | Drehl\u00e4nge &#8211; 800mm | Spindelbohrung &#8211; 75mm ) inkl. angetriebene Werkzeuge<\/span><\/li>\r\n<li><span style=\"color: black;\"> WIG- und MAG &#8211; Schwei\u00dfanlagen <\/span><\/li>\r\n<\/ul>\r\n<p>[\/vc_column_text][\/vc_column][\/vc_row][vc_row margin_top=&#8220;0px&#8220;][vc_column][vc_column_text]<\/p>\r\n<div style=\"width: 1200px;\" class=\"wp-video\"><!--[if lt IE 9]><script>document.createElement('video');<\/script><![endif]-->\n<video class=\"wp-video-shortcode\" id=\"video-14-1\" width=\"1200\" height=\"675\" loop autoplay preload=\"auto\" controls=\"controls\"><source type=\"video\/mp4\" src=\"https:\/\/kluger.prokutec.de\/wp-content\/uploads\/2021\/06\/Lohnfertigung_Ohne-Ton.mp4?_=1\" \/><a href=\"https:\/\/kluger.prokutec.de\/wp-content\/uploads\/2021\/06\/Lohnfertigung_Ohne-Ton.mp4\">https:\/\/kluger.prokutec.de\/wp-content\/uploads\/2021\/06\/Lohnfertigung_Ohne-Ton.mp4<\/a><\/video><\/div>\r\n<p>[\/vc_column_text][\/vc_column][\/vc_row][vc_row margin_top=&#8220;30&#8243; anchor=&#8220;A1&#8243;][vc_column css=&#8220;.vc_custom_1616424794662{margin-top: -100px !important;}&#8220;]<div id=\"ult-carousel-336308956769eb75c0bb088\" class=\"ult-carousel-wrapper   ult_full_width\" data-gutter=\"15\" data-rtl=\"false\" ><div class=\"ult-carousel-45956828569eb75c0ba45e \" ><\/div><\/div>\t\t\t<script type=\"text\/javascript\">\n\t\t\t\tjQuery(document).ready(function ($) {\n\t\t\t\t\tif( typeof jQuery('.ult-carousel-45956828569eb75c0ba45e').slick == \"function\"){\n\t\t\t\t\t\t$('.ult-carousel-45956828569eb75c0ba45e').slick({dots: true,autoplay: true,autoplaySpeed: \"5000\",speed: \"300\",infinite: true,arrows: true,nextArrow: '<button type=\"button\" role=\"button\" aria-label=\"Next\" style=\"color:#333333; font-size:20px;\" class=\"slick-next default\"><i class=\"ultsl-arrow-right4\"><\/i><\/button>',prevArrow: '<button type=\"button\" role=\"button\" aria-label=\"Previous\" style=\"color:#333333; font-size:20px;\" class=\"slick-prev default\"><i class=\"ultsl-arrow-left4\"><\/i><\/button>',slidesToScroll:1,slidesToShow:5,swipe: true,draggable: true,touchMove: true,pauseOnHover: true,pauseOnFocus: false,responsive: [\n\t\t\t\t\t\t\t{\n\t\t\t\t\t\t\t  breakpoint: 1026,\n\t\t\t\t\t\t\t  settings: {\n\t\t\t\t\t\t\t\tslidesToShow: 5,\n\t\t\t\t\t\t\t\tslidesToScroll: 1,  \n\t\t\t\t\t\t\t  }\n\t\t\t\t\t\t\t},\n\t\t\t\t\t\t\t{\n\t\t\t\t\t\t\t  breakpoint: 1025,\n\t\t\t\t\t\t\t  settings: {\n\t\t\t\t\t\t\t\tslidesToShow: 3,\n\t\t\t\t\t\t\t\tslidesToScroll: 1\n\t\t\t\t\t\t\t  }\n\t\t\t\t\t\t\t},\n\t\t\t\t\t\t\t{\n\t\t\t\t\t\t\t  breakpoint: 760,\n\t\t\t\t\t\t\t  settings: {\n\t\t\t\t\t\t\t\tslidesToShow: 2,\n\t\t\t\t\t\t\t\tslidesToScroll: 1\n\t\t\t\t\t\t\t  }\n\t\t\t\t\t\t\t}\n\t\t\t\t\t\t],pauseOnDotsHover: true,customPaging: function(slider, i) {\n                   return '<i type=\"button\" style= \"color:#333333;\" class=\"ultsl-record\" data-role=\"none\"><\/i>';\n                },});\n\t\t\t\t\t}\n\t\t\t\t});\n\t\t\t<\/script>\n\t\t\t<div id=\"ultimate-heading-277669eb75c0bb0f7\" class=\"uvc-heading ult-adjust-bottom-margin ultimate-heading-277669eb75c0bb0f7 uvc-5294 \" data-hspacer=\"no_spacer\"  data-halign=\"left\" style=\"text-align:left\"><div class=\"uvc-heading-spacer no_spacer\" style=\"top\"><\/div><div class=\"uvc-main-heading ult-responsive\"  data-ultimate-target='.uvc-heading.ultimate-heading-277669eb75c0bb0f7 h2'  data-responsive-json-new='{\"font-size\":\"\",\"line-height\":\"\"}' ><h2 style=\"font-weight:normal;margin-top:0px;margin-bottom:30px;\">Einzelteile<\/h2><\/div><\/div>[vc_media_grid element_width=&#8220;3&#8243; grid_id=&#8220;vc_gid:1628253951653-bd65682e2ce9e6ddf6babed4c9909d93-7&#8243; include=&#8220;481,482,488,2673,483,480,475,485,486,18,448,20&#8243;][\/vc_column][\/vc_row][vc_row anchor=&#8220;A1&#8243;][vc_column css=&#8220;.vc_custom_1616417799175{margin-top: 50px !important;}&#8220;]<div id=\"ult-carousel-27258040969eb75c0bb1e6\" class=\"ult-carousel-wrapper  vc_custom_1616416550671  ult_full_width\" data-gutter=\"15\" data-rtl=\"false\" ><div class=\"ult-carousel-29198487769eb75c0bb1a9 \" ><\/div><\/div>\t\t\t<script type=\"text\/javascript\">\n\t\t\t\tjQuery(document).ready(function ($) {\n\t\t\t\t\tif( typeof jQuery('.ult-carousel-29198487769eb75c0bb1a9').slick == \"function\"){\n\t\t\t\t\t\t$('.ult-carousel-29198487769eb75c0bb1a9').slick({dots: true,autoplay: true,autoplaySpeed: \"5000\",speed: \"300\",infinite: true,arrows: true,nextArrow: '<button type=\"button\" role=\"button\" aria-label=\"Next\" style=\"color:#333333; font-size:20px;\" class=\"slick-next default\"><i class=\"ultsl-arrow-right4\"><\/i><\/button>',prevArrow: '<button type=\"button\" role=\"button\" aria-label=\"Previous\" style=\"color:#333333; font-size:20px;\" class=\"slick-prev default\"><i class=\"ultsl-arrow-left4\"><\/i><\/button>',slidesToScroll:1,slidesToShow:5,swipe: true,draggable: true,touchMove: true,pauseOnHover: true,pauseOnFocus: false,responsive: [\n\t\t\t\t\t\t\t{\n\t\t\t\t\t\t\t  breakpoint: 1026,\n\t\t\t\t\t\t\t  settings: {\n\t\t\t\t\t\t\t\tslidesToShow: 5,\n\t\t\t\t\t\t\t\tslidesToScroll: 1,  \n\t\t\t\t\t\t\t  }\n\t\t\t\t\t\t\t},\n\t\t\t\t\t\t\t{\n\t\t\t\t\t\t\t  breakpoint: 1025,\n\t\t\t\t\t\t\t  settings: {\n\t\t\t\t\t\t\t\tslidesToShow: 3,\n\t\t\t\t\t\t\t\tslidesToScroll: 1\n\t\t\t\t\t\t\t  }\n\t\t\t\t\t\t\t},\n\t\t\t\t\t\t\t{\n\t\t\t\t\t\t\t  breakpoint: 760,\n\t\t\t\t\t\t\t  settings: {\n\t\t\t\t\t\t\t\tslidesToShow: 2,\n\t\t\t\t\t\t\t\tslidesToScroll: 1\n\t\t\t\t\t\t\t  }\n\t\t\t\t\t\t\t}\n\t\t\t\t\t\t],pauseOnDotsHover: true,customPaging: function(slider, i) {\n                   return '<i type=\"button\" style= \"color:#333333;\" class=\"ultsl-record\" data-role=\"none\"><\/i>';\n                },});\n\t\t\t\t\t}\n\t\t\t\t});\n\t\t\t<\/script>\n\t\t\t<div id=\"ultimate-heading-672369eb75c0bb22f\" class=\"uvc-heading ult-adjust-bottom-margin ultimate-heading-672369eb75c0bb22f uvc-6777 \" data-hspacer=\"no_spacer\"  data-halign=\"left\" style=\"text-align:left\"><div class=\"uvc-heading-spacer no_spacer\" style=\"top\"><\/div><div class=\"uvc-main-heading ult-responsive\"  data-ultimate-target='.uvc-heading.ultimate-heading-672369eb75c0bb22f h2'  data-responsive-json-new='{\"font-size\":\"\",\"line-height\":\"\"}' ><h2 style=\"font-weight:normal;margin-top:0px;margin-bottom:30px;\">Kleinserien<\/h2><\/div><\/div>[vc_media_grid element_width=&#8220;3&#8243; grid_id=&#8220;vc_gid:1628253951716-df175e10f68554a0771a5990f74454d0-9&#8243; include=&#8220;504,502,488,503&#8243;][\/vc_column][\/vc_row][vc_row][vc_column css=&#8220;.vc_custom_1616417799175{margin-top: 50px !important;}&#8220;]<div id=\"ult-carousel-358332570769eb75c0bb2eb\" class=\"ult-carousel-wrapper  vc_custom_1616416550671  ult_full_width\" data-gutter=\"15\" data-rtl=\"false\" ><div class=\"ult-carousel-235011574469eb75c0bb2b9 \" ><\/div><\/div>\t\t\t<script type=\"text\/javascript\">\n\t\t\t\tjQuery(document).ready(function ($) {\n\t\t\t\t\tif( typeof jQuery('.ult-carousel-235011574469eb75c0bb2b9').slick == \"function\"){\n\t\t\t\t\t\t$('.ult-carousel-235011574469eb75c0bb2b9').slick({dots: true,autoplay: true,autoplaySpeed: \"5000\",speed: \"300\",infinite: true,arrows: true,nextArrow: '<button type=\"button\" role=\"button\" aria-label=\"Next\" style=\"color:#333333; font-size:20px;\" class=\"slick-next default\"><i class=\"ultsl-arrow-right4\"><\/i><\/button>',prevArrow: '<button type=\"button\" role=\"button\" aria-label=\"Previous\" style=\"color:#333333; font-size:20px;\" class=\"slick-prev default\"><i class=\"ultsl-arrow-left4\"><\/i><\/button>',slidesToScroll:1,slidesToShow:5,swipe: true,draggable: true,touchMove: true,pauseOnHover: true,pauseOnFocus: false,responsive: [\n\t\t\t\t\t\t\t{\n\t\t\t\t\t\t\t  breakpoint: 1026,\n\t\t\t\t\t\t\t  settings: {\n\t\t\t\t\t\t\t\tslidesToShow: 5,\n\t\t\t\t\t\t\t\tslidesToScroll: 1,  \n\t\t\t\t\t\t\t  }\n\t\t\t\t\t\t\t},\n\t\t\t\t\t\t\t{\n\t\t\t\t\t\t\t  breakpoint: 1025,\n\t\t\t\t\t\t\t  settings: {\n\t\t\t\t\t\t\t\tslidesToShow: 3,\n\t\t\t\t\t\t\t\tslidesToScroll: 1\n\t\t\t\t\t\t\t  }\n\t\t\t\t\t\t\t},\n\t\t\t\t\t\t\t{\n\t\t\t\t\t\t\t  breakpoint: 760,\n\t\t\t\t\t\t\t  settings: {\n\t\t\t\t\t\t\t\tslidesToShow: 2,\n\t\t\t\t\t\t\t\tslidesToScroll: 1\n\t\t\t\t\t\t\t  }\n\t\t\t\t\t\t\t}\n\t\t\t\t\t\t],pauseOnDotsHover: true,customPaging: function(slider, i) {\n                   return '<i type=\"button\" style= \"color:#333333;\" class=\"ultsl-record\" data-role=\"none\"><\/i>';\n                },});\n\t\t\t\t\t}\n\t\t\t\t});\n\t\t\t<\/script>\n\t\t\t<div id=\"ultimate-heading-537469eb75c0bb330\" class=\"uvc-heading ult-adjust-bottom-margin ultimate-heading-537469eb75c0bb330 uvc-1030 \" data-hspacer=\"no_spacer\"  data-halign=\"left\" style=\"text-align:left\"><div class=\"uvc-heading-spacer no_spacer\" style=\"top\"><\/div><div class=\"uvc-main-heading ult-responsive\"  data-ultimate-target='.uvc-heading.ultimate-heading-537469eb75c0bb330 h2'  data-responsive-json-new='{\"font-size\":\"\",\"line-height\":\"\"}' ><h2 style=\"font-weight:normal;margin-top:0px;margin-bottom:40px;\">Baugruppen<\/h2><\/div><\/div>[vc_media_grid element_width=&#8220;2&#8243; grid_id=&#8220;vc_gid:1628253951786-c502de5453abdab97310a6c457cd84b6-10&#8243; include=&#8220;519,520,521,522,444,2776&#8243;][\/vc_column][\/vc_row][vc_row][vc_column css=&#8220;.vc_custom_1616417799175{margin-top: 50px !important;}&#8220;]<div id=\"ult-carousel-104747753769eb75c0bb3e2\" class=\"ult-carousel-wrapper  vc_custom_1616416550671  ult_full_width\" data-gutter=\"15\" data-rtl=\"false\" ><div class=\"ult-carousel-46368486869eb75c0bb3b1 \" ><\/div><\/div>\t\t\t<script type=\"text\/javascript\">\n\t\t\t\tjQuery(document).ready(function ($) {\n\t\t\t\t\tif( typeof jQuery('.ult-carousel-46368486869eb75c0bb3b1').slick == \"function\"){\n\t\t\t\t\t\t$('.ult-carousel-46368486869eb75c0bb3b1').slick({dots: true,autoplay: true,autoplaySpeed: \"5000\",speed: \"300\",infinite: true,arrows: true,nextArrow: '<button type=\"button\" role=\"button\" aria-label=\"Next\" style=\"color:#333333; font-size:20px;\" class=\"slick-next default\"><i class=\"ultsl-arrow-right4\"><\/i><\/button>',prevArrow: '<button type=\"button\" role=\"button\" aria-label=\"Previous\" style=\"color:#333333; font-size:20px;\" class=\"slick-prev default\"><i class=\"ultsl-arrow-left4\"><\/i><\/button>',slidesToScroll:1,slidesToShow:5,swipe: true,draggable: true,touchMove: true,pauseOnHover: true,pauseOnFocus: false,responsive: [\n\t\t\t\t\t\t\t{\n\t\t\t\t\t\t\t  breakpoint: 1026,\n\t\t\t\t\t\t\t  settings: {\n\t\t\t\t\t\t\t\tslidesToShow: 5,\n\t\t\t\t\t\t\t\tslidesToScroll: 1,  \n\t\t\t\t\t\t\t  }\n\t\t\t\t\t\t\t},\n\t\t\t\t\t\t\t{\n\t\t\t\t\t\t\t  breakpoint: 1025,\n\t\t\t\t\t\t\t  settings: {\n\t\t\t\t\t\t\t\tslidesToShow: 3,\n\t\t\t\t\t\t\t\tslidesToScroll: 1\n\t\t\t\t\t\t\t  }\n\t\t\t\t\t\t\t},\n\t\t\t\t\t\t\t{\n\t\t\t\t\t\t\t  breakpoint: 760,\n\t\t\t\t\t\t\t  settings: {\n\t\t\t\t\t\t\t\tslidesToShow: 2,\n\t\t\t\t\t\t\t\tslidesToScroll: 1\n\t\t\t\t\t\t\t  }\n\t\t\t\t\t\t\t}\n\t\t\t\t\t\t],pauseOnDotsHover: true,customPaging: function(slider, i) {\n                   return '<i type=\"button\" style= \"color:#333333;\" class=\"ultsl-record\" data-role=\"none\"><\/i>';\n                },});\n\t\t\t\t\t}\n\t\t\t\t});\n\t\t\t<\/script>\n\t\t\t<div id=\"ultimate-heading-878769eb75c0bb420\" class=\"uvc-heading ult-adjust-bottom-margin ultimate-heading-878769eb75c0bb420 uvc-8195 \" data-hspacer=\"no_spacer\"  data-halign=\"left\" style=\"text-align:left\"><div class=\"uvc-heading-spacer no_spacer\" style=\"top\"><\/div><div class=\"uvc-main-heading ult-responsive\"  data-ultimate-target='.uvc-heading.ultimate-heading-878769eb75c0bb420 h2'  data-responsive-json-new='{\"font-size\":\"\",\"line-height\":\"\"}' ><h2 style=\"font-weight:normal;margin-top:0px;margin-bottom:40px;\">Werkzeuge<\/h2><\/div><\/div>[vc_media_grid element_width=&#8220;3&#8243; grid_id=&#8220;vc_gid:1628253951862-247a11aed639706a7a91ef208e09d275-3&#8243; include=&#8220;2593,2405,2591,2592&#8243;][\/vc_column][\/vc_row][vc_row margin_top=&#8220;100px&#8220; margin_bottom=&#8220;0&#8243; full_width_row=&#8220;true&#8220; padding_left=&#8220;0&#8243; padding_right=&#8220;0&#8243; css=&#8220;.vc_custom_1609604068749{margin-bottom: 20px !important;}&#8220; el_class=&#8220;schatten&#8220;][\/vc_row]<\/p><\/div>","protected":false},"excerpt":{"rendered":"<p>[vc_row][vc_column][vc_custom_heading text=&#8220;Lohnfertigung&#8220; font_container=&#8220;tag:h2|text_align:left|color:%23ffffff|line_height:52px&#8220; use_theme_fonts=&#8220;yes&#8220; css_animation=&#8220;fadeInLeft&#8220; css=&#8220;.vc_custom_1623740672374{margin-top: -15px !important;margin-bottom: 2px !important;padding-top: 0px !important;padding-right: 10px !important;padding-bottom: 0px !important;padding-left: 15px !important;background-image: url(https:\/\/kluger.prokutec.de\/wp-content\/uploads\/2021\/01\/H2-Fond.png?id=129) !important;background-position: center !important;background-repeat: no-repeat !important;background-size: contain !important;}&#8220;][\/vc_column][\/vc_row][vc_row][vc_column][vc_single_image image=&#8220;2681&#8243; img_size=&#8220;1200&#215;250&#8243; add_caption=&#8220;yes&#8220; alignment=&#8220;right&#8220; css=&#8220;.vc_custom_1623741239570{margin-bottom: 10px !important;}&#8220;][\/vc_column][\/vc_row][vc_row margin_top=&#8220;0px&#8220;][vc_column][vc_column_text css=&#8220;.vc_custom_1628253997632{margin-bottom: 8px !important;}&#8220;] Einzelteile, Kleinserien oder komplette Baugruppen, nach Ihren Zeichnungen oder Ihren Vorgaben und von uns konstruiert, ob Drehen, Fr\u00e4sen,&hellip;<\/p>\n","protected":false},"author":1,"featured_media":0,"parent":0,"menu_order":10,"comment_status":"closed","ping_status":"closed","template":"","meta":{"footnotes":""},"class_list":["post-14","page","type-page","status-publish","hentry","description-off"],"_links":{"self":[{"href":"https:\/\/kluger.prokutec.de\/index.php?rest_route=\/wp\/v2\/pages\/14","targetHints":{"allow":["GET"]}}],"collection":[{"href":"https:\/\/kluger.prokutec.de\/index.php?rest_route=\/wp\/v2\/pages"}],"about":[{"href":"https:\/\/kluger.prokutec.de\/index.php?rest_route=\/wp\/v2\/types\/page"}],"author":[{"embeddable":true,"href":"https:\/\/kluger.prokutec.de\/index.php?rest_route=\/wp\/v2\/users\/1"}],"replies":[{"embeddable":true,"href":"https:\/\/kluger.prokutec.de\/index.php?rest_route=%2Fwp%2Fv2%2Fcomments&post=14"}],"version-history":[{"count":103,"href":"https:\/\/kluger.prokutec.de\/index.php?rest_route=\/wp\/v2\/pages\/14\/revisions"}],"predecessor-version":[{"id":3471,"href":"https:\/\/kluger.prokutec.de\/index.php?rest_route=\/wp\/v2\/pages\/14\/revisions\/3471"}],"wp:attachment":[{"href":"https:\/\/kluger.prokutec.de\/index.php?rest_route=%2Fwp%2Fv2%2Fmedia&parent=14"}],"curies":[{"name":"wp","href":"https:\/\/api.w.org\/{rel}","templated":true}]}}