{"id":302,"date":"2021-01-05T17:57:03","date_gmt":"2021-01-05T16:57:03","guid":{"rendered":"https:\/\/kluger.prokutec.de\/?page_id=302"},"modified":"2021-08-06T15:02:52","modified_gmt":"2021-08-06T13:02:52","slug":"betriebsausstattung","status":"publish","type":"page","link":"https:\/\/kluger.prokutec.de\/?page_id=302","title":{"rendered":"Betriebsausstattung"},"content":{"rendered":"<div class=\"wpb-content-wrapper\"><p>[vc_row][vc_column width=&#8220;1\/3&#8243;][vc_column_text]<span style=\"color: #000000;\">Durch unseren Maschinenpark mit modernen Produktionsanlagen und Softwareausstattung ist es uns m\u00f6glich Ihre W\u00fcnsche in kurzer Zeit kosteng\u00fcnstig zu realisieren.<\/span><\/p>\n<p><span style=\"color: #000000;\">Maschinenpark:<\/span><\/p>\n<ul>\n<li><span style=\"color: #000000;\">f\u00fcnf CNC Fr\u00e4smaschinen (bis zu 5 Achsen,\u00a0 \u00a0 \u00a0 \u00a0 \u00a0 \u00a0 X \u2013 5000mm | Y \u2013 1000mm | Z \u2013 800mm)<\/span><\/li>\n<li><span style=\"color: #000000;\">zwei CNC-Drehmaschinen<\/span><\/li>\n<li><span style=\"color: #000000;\">Diverse konventionelle Anlagen<\/span><\/li>\n<li><span style=\"color: #000000;\">Mehrere Biegemaschinen<\/span><\/li>\n<li><span style=\"color: #000000;\">WIG- und MAG-Schwei\u00dfanlagen<\/span><\/li>\n<\/ul>\n<p>&nbsp;<\/p>\n<p><a href=\"https:\/\/kluger.prokutec.de\/wp-content\/uploads\/2021\/03\/Maschinenliste-Kluger.Prokutec.pdf\">Hier k\u00f6nnten Sie ein detailliertes PDF herunterladen<\/a><\/p>\n<p>&nbsp;<\/p>\n<p><span style=\"color: #000000;\">Software:<\/span><\/p>\n<ul>\n<li style=\"list-style-type: none;\">\n<ul>\n<li><span style=\"color: #000000;\">CAD: SolidWorks Professional<\/span><\/li>\n<li><span style=\"color: #000000;\">CAM: SolidCAM<\/span><\/li>\n<li><span style=\"color: #000000;\">CAE: WSCAD professional<\/span><\/li>\n<li><span style=\"color: #000000;\">SPS: Beckhoff \u2013 Siemens<\/span><\/li>\n<li><span style=\"color: #000000;\">LabVIEW<\/span><\/li>\n<\/ul>\n<\/li>\n<\/ul>\n<p>[\/vc_column_text][\/vc_column][vc_column width=&#8220;1\/3&#8243;][vc_single_image image=&#8220;19&#8243; img_size=&#8220;medium&#8220;][\/vc_column][vc_column width=&#8220;1\/3&#8243;][\/vc_column][\/vc_row]<\/p>\n<\/div>","protected":false},"excerpt":{"rendered":"<p>[vc_row][vc_column width=&#8220;1\/3&#8243;][vc_column_text]Durch unseren Maschinenpark mit modernen Produktionsanlagen und Softwareausstattung ist es uns m\u00f6glich Ihre W\u00fcnsche in kurzer Zeit kosteng\u00fcnstig zu realisieren. Maschinenpark: f\u00fcnf CNC Fr\u00e4smaschinen (bis zu 5 Achsen,\u00a0 \u00a0 \u00a0 \u00a0 \u00a0 \u00a0 X \u2013 5000mm | Y \u2013 1000mm | Z \u2013 800mm) zwei CNC-Drehmaschinen Diverse konventionelle Anlagen Mehrere Biegemaschinen WIG- und MAG-Schwei\u00dfanlagen&hellip;<\/p>\n","protected":false},"author":1,"featured_media":0,"parent":0,"menu_order":0,"comment_status":"closed","ping_status":"closed","template":"","meta":{"footnotes":""},"class_list":["post-302","page","type-page","status-publish","hentry","description-off"],"_links":{"self":[{"href":"https:\/\/kluger.prokutec.de\/index.php?rest_route=\/wp\/v2\/pages\/302","targetHints":{"allow":["GET"]}}],"collection":[{"href":"https:\/\/kluger.prokutec.de\/index.php?rest_route=\/wp\/v2\/pages"}],"about":[{"href":"https:\/\/kluger.prokutec.de\/index.php?rest_route=\/wp\/v2\/types\/page"}],"author":[{"embeddable":true,"href":"https:\/\/kluger.prokutec.de\/index.php?rest_route=\/wp\/v2\/users\/1"}],"replies":[{"embeddable":true,"href":"https:\/\/kluger.prokutec.de\/index.php?rest_route=%2Fwp%2Fv2%2Fcomments&post=302"}],"version-history":[{"count":27,"href":"https:\/\/kluger.prokutec.de\/index.php?rest_route=\/wp\/v2\/pages\/302\/revisions"}],"predecessor-version":[{"id":3273,"href":"https:\/\/kluger.prokutec.de\/index.php?rest_route=\/wp\/v2\/pages\/302\/revisions\/3273"}],"wp:attachment":[{"href":"https:\/\/kluger.prokutec.de\/index.php?rest_route=%2Fwp%2Fv2%2Fmedia&parent=302"}],"curies":[{"name":"wp","href":"https:\/\/api.w.org\/{rel}","templated":true}]}}