{"id":306,"date":"2021-01-05T17:57:16","date_gmt":"2021-01-05T16:57:16","guid":{"rendered":"https:\/\/kluger.prokutec.de\/?page_id=306"},"modified":"2021-08-06T15:12:28","modified_gmt":"2021-08-06T13:12:28","slug":"chronik","status":"publish","type":"page","link":"https:\/\/kluger.prokutec.de\/?page_id=306","title":{"rendered":"Chronik"},"content":{"rendered":"<div class=\"wpb-content-wrapper\"><p>[vc_row margin_top=&#8220;0px&#8220;][vc_column]<div class=\"shortcode-banner\" style=\"min-height: 250px;background-image: url(https:\/\/kluger.prokutec.de\/wp-content\/uploads\/2021\/06\/iStock-1213740866-scaled.jpg)\"><div class=\"shortcode-banner-bg wf-table\" style=\"padding: 5px;min-height: 250px\"><div class=\"shortcode-banner-inside wf-table text-big\" style=\"background-color: rgb(224,224,224);background-color: rgba(224,224,224,0.08);border: solid 5px transparent;outline: solid 0px;outline-color: #ffffff;height: 245px\"><div><p>&nbsp;<\/p>\n<h4><span style=\"color: white;\">CHRONIK<\/span><\/h4>\n<\/div><\/div><\/div><\/div>[\/vc_column][\/vc_row][vc_row margin_top=&#8220;40&#8243;][vc_column][vc_column_text]<\/p>\n<h2 style=\"text-align: left;\"><strong>Historischer \u00dcberblick<\/strong><\/h2>\n<p>&nbsp;<\/p>\n<p><strong><span style=\"color: black;\">1992\u00a0 \u00a0 \u00a0<\/span><\/strong><span style=\"color: black;\">Gr\u00fcndung der Firma Kluger Sondermaschinenbau durch Josef Kluger<\/span><\/p>\n<p style=\"padding-left: 40px;\"><span style=\"color: black;\">\u00a0 \u00a0 mit Konstruktionsb\u00fcro, Montage und Inbetriebnahme.<\/span><\/p>\n<p>&nbsp;<\/p>\n<p><span style=\"color: black;\"><strong>1993<\/strong>\u00a0 \u00a0 \u00a0Ausbau der Firma<\/span><\/p>\n<p style=\"padding-left: 40px;\"><span style=\"color: black;\">\u00a0 \u00a0 Erste konventionelle Werkzeugmaschinen zur Herstellung von Kleinteilen, sowie<\/span><\/p>\n<p style=\"padding-left: 40px;\"><span style=\"color: black;\">\u00a0 \u00a0 Umzug in eine gr\u00f6\u00dfere Werkstatt.<\/span><\/p>\n<p>&nbsp;<\/p>\n<p><span style=\"color: black;\"><strong>1994\u00a0 \u00a0 \u00a0<\/strong>Einstieg in den Bereich Lohnfertigung.<\/span><\/p>\n<p style=\"padding-left: 40px;\"><span style=\"color: black;\">\u00a0 \u00a0 Anschaffung einer gr\u00f6\u00dferen konventionellen Fr\u00e4smaschine.<\/span><\/p>\n<p>&nbsp;<\/p>\n<p><span style=\"color: black;\"><strong>1995\u00a0 \u00a0\u00a0<\/strong> Einf\u00fchrung CAD-System<\/span><\/p>\n<p style=\"padding-left: 40px;\"><span style=\"color: black;\">\u00a0 \u00a0 AutoCAD LT wird eingef\u00fchrt.<\/span><\/p>\n<p style=\"padding-left: 40px;\"><span style=\"color: black;\">\u00a0 \u00a0 Bau erster Automaten komplett mit Steuerung.<\/span><\/p>\n<p>&nbsp;<\/p>\n<p><span style=\"color: black;\"><strong>1996\u00a0 \u00a0\u00a0<\/strong> Einstieg in die Automotive Branche<\/span><\/p>\n<p style=\"padding-left: 40px;\"><span style=\"color: black;\">\u00a0 \u00a0 Kauf der ersten CNC-Maschine.<\/span><\/p>\n<p>&nbsp;<\/p>\n<p><span style=\"color: black;\"><strong>1997<\/strong>\u00a0 \u00a0 \u00a0Bau des Betriebsgeb\u00e4udes in M\u00fchldorf im Industriepark.<\/span><\/p>\n<p>&nbsp;<\/p>\n<p><span style=\"color: black;\"><strong>1998\u00a0 \u00a0\u00a0<\/strong> Einstieg in den Bau von kompletten Anlagen.<\/span><\/p>\n<p style=\"padding-left: 40px;\"><span style=\"color: black;\">\u00a0 \u00a0 Konstruktion und Steuerungstechnik wird ebenfalls von Kluger erledigt .<\/span><\/p>\n<p>&nbsp;<\/p>\n<p><span style=\"color: black;\"><strong>2004\u00a0 \u00a0\u00a0<\/strong> Einstieg in 3D CAD-System<\/span><\/p>\n<p style=\"padding-left: 40px;\"><span style=\"color: black;\">\u00a0 \u00a0 Einf\u00fchrung von SolidWorks.<\/span><\/p>\n<p>&nbsp;<\/p>\n<p><span style=\"color: black;\"><strong>2005<\/strong>\u00a0 \u00a0 \u00a0Erneute Kapazit\u00e4tsausweitung<\/span><\/p>\n<p style=\"padding-left: 40px;\"><span style=\"color: black;\">\u00a0 \u00a0 Anschaffung eines 5- Achs-Fr\u00e4szentrums.<\/span><\/p>\n<p>&nbsp;<\/p>\n<p><span style=\"color: black;\"><strong>2006<\/strong>\u00a0 \u00a0 \u00a0Neubau einer Montagehalle,<\/span><\/p>\n<p style=\"padding-left: 40px;\"><span style=\"color: black;\">\u00a0 \u00a0 Einf\u00fchrung CAM<\/span><\/p>\n<p style=\"padding-left: 40px;\"><span style=\"color: black;\">\u00a0 \u00a0 CAD\/CAM-Anbindung der CNC Maschinen.<\/span><\/p>\n<p>&nbsp;<\/p>\n<p><span style=\"color: black;\"><strong>2007<\/strong>\u00a0 \u00a0 \u00a0Erste Messeauftritte werden umgesetzt.<\/span><\/p>\n<p style=\"padding-left: 40px;\"><span style=\"color: black;\">\u00a0 \u00a0 Konstruktion und Bau von gro\u00dfen Pr\u00fcfst\u00e4nden f\u00fcr \u201eAirbus M400 und BMW&#8220;.<\/span><\/p>\n<p>&nbsp;<\/p>\n<p><span style=\"color: black;\"><strong>2008<\/strong>\u00a0 \u00a0 \u00a0Beckhoff-Steuerungen<\/span><\/p>\n<p style=\"padding-left: 40px;\"><span style=\"color: black;\">\u00a0 \u00a0 \u00a0Erstmaliger Einsatz einer Beckhoff-Steuerung f\u00fcr eine Gro\u00dfanlage.<\/span><\/p>\n<p>&nbsp;<\/p>\n<p><span style=\"color: black;\"><strong>2009<\/strong>\u00a0 \u00a0 \u00a0 Ausbau des Konstruktionsb\u00fcros.<\/span><\/p>\n<p>&nbsp;<\/p>\n<p><span style=\"color: black;\"><strong>2012<\/strong>\u00a0 \u00a0 \u00a0 Aufbau einer Abteilung f\u00fcr den Bereich Automatisierung.<\/span><\/p>\n<p>&nbsp;<\/p>\n<p><span style=\"color: black;\"><strong>2015\u00a0 \u00a0 \u00a0<\/strong> Erweiterung Maschinenpark und Einf\u00fchrung iMachining.<\/span><\/p>\n<p>&nbsp;<\/p>\n<p><span style=\"color: black;\"><strong>2018<\/strong>\u00a0 \u00a0 \u00a0 Beginn Systempartnerschaft mit Beckhoff.<\/span><\/p>\n<p>&nbsp;<\/p>\n<p><span style=\"color: black;\"><strong>2020<\/strong>\u00a0 \u00a0 \u00a0 Im Zuge der Nachfolgeregelung wurde die Firma Kluger Sondermaschinenbau von der Prokutec GmbH \u00fcbernommen und erfolgreich in ihr Netzwerk\u00a0 \u00a0 \u00a0 \u00a0 \u00a0 \u00a0 \u00a0 \u00a0 \u00a0 \u00a0 \u00a0 \u00a0 \u00a0 \u00a0 \u00a0 \u00a0 \u00a0 \u00a0 \u00a0 \u00a0eingegliedert.<\/span><\/p>\n<p style=\"padding-left: 40px;\">\u00a0 \u00a0 \u00a0<span style=\"color: #000000;\">Als neue Organisation ging die Firma Kluger-Prokutec-Sondermaschinenbau GmbH her vor.<\/span><\/p>\n<p style=\"padding-left: 40px;\">\u00a0 \u00a0 <span style=\"color: #000000;\">\u00a0Einstieg in die Laborautomatisierung.\u00a0<\/span><\/p>\n<p style=\"padding-left: 40px;\"><span style=\"color: #000000;\">\u00a0 \u00a0 \u00a0Realisierung einer Verteilanlage mittels Flexpicker.<\/span><\/p>\n<p>&nbsp;<\/p>\n<p><span style=\"color: black;\"><strong>2021<\/strong>\u00a0 \u00a0 \u00a0 Neubau einer Montagehalle mit anschlie\u00dfendem B\u00fcrogeb\u00e4ude.<\/span>[\/vc_column_text][\/vc_column][\/vc_row]<\/p>\n<\/div>","protected":false},"excerpt":{"rendered":"<p>[vc_row margin_top=&#8220;0px&#8220;][vc_column][\/vc_column][\/vc_row][vc_row margin_top=&#8220;40&#8243;][vc_column][vc_column_text] Historischer \u00dcberblick &nbsp; 1992\u00a0 \u00a0 \u00a0Gr\u00fcndung der Firma Kluger Sondermaschinenbau durch Josef Kluger \u00a0 \u00a0 mit Konstruktionsb\u00fcro, Montage und Inbetriebnahme. &nbsp; 1993\u00a0 \u00a0 \u00a0Ausbau der Firma \u00a0 \u00a0 Erste konventionelle Werkzeugmaschinen zur Herstellung von Kleinteilen, sowie \u00a0 \u00a0 Umzug in eine gr\u00f6\u00dfere Werkstatt. &nbsp; 1994\u00a0 \u00a0 \u00a0Einstieg in den Bereich Lohnfertigung. \u00a0&hellip;<\/p>\n","protected":false},"author":1,"featured_media":0,"parent":0,"menu_order":0,"comment_status":"closed","ping_status":"closed","template":"","meta":{"footnotes":""},"class_list":["post-306","page","type-page","status-publish","hentry","description-off"],"_links":{"self":[{"href":"https:\/\/kluger.prokutec.de\/index.php?rest_route=\/wp\/v2\/pages\/306","targetHints":{"allow":["GET"]}}],"collection":[{"href":"https:\/\/kluger.prokutec.de\/index.php?rest_route=\/wp\/v2\/pages"}],"about":[{"href":"https:\/\/kluger.prokutec.de\/index.php?rest_route=\/wp\/v2\/types\/page"}],"author":[{"embeddable":true,"href":"https:\/\/kluger.prokutec.de\/index.php?rest_route=\/wp\/v2\/users\/1"}],"replies":[{"embeddable":true,"href":"https:\/\/kluger.prokutec.de\/index.php?rest_route=%2Fwp%2Fv2%2Fcomments&post=306"}],"version-history":[{"count":48,"href":"https:\/\/kluger.prokutec.de\/index.php?rest_route=\/wp\/v2\/pages\/306\/revisions"}],"predecessor-version":[{"id":3276,"href":"https:\/\/kluger.prokutec.de\/index.php?rest_route=\/wp\/v2\/pages\/306\/revisions\/3276"}],"wp:attachment":[{"href":"https:\/\/kluger.prokutec.de\/index.php?rest_route=%2Fwp%2Fv2%2Fmedia&parent=306"}],"curies":[{"name":"wp","href":"https:\/\/api.w.org\/{rel}","templated":true}]}}